{"id":21,"date":"2020-03-04T21:15:03","date_gmt":"2020-03-04T21:15:03","guid":{"rendered":"https:\/\/treelia.org\/?page_id=21"},"modified":"2021-10-17T12:06:52","modified_gmt":"2021-10-17T12:06:52","slug":"blog","status":"publish","type":"page","link":"https:\/\/treelia.org\/de\/blog\/","title":{"rendered":"Blog"},"content":{"rendered":"<figure class=\"wp-block-image size-large\"><img decoding=\"async\" width=\"1024\" height=\"683\" src=\"https:\/\/treelia.org\/wp-content\/uploads\/2020\/03\/cyprus-1990939-1024x683.jpg\" alt=\"Blog about Reforestation and its benefits for the environment.\" class=\"wp-image-24\" srcset=\"https:\/\/treelia.org\/wp-content\/uploads\/2020\/03\/cyprus-1990939-1024x683.jpg 1024w, https:\/\/treelia.org\/wp-content\/uploads\/2020\/03\/cyprus-1990939-300x200.jpg 300w, https:\/\/treelia.org\/wp-content\/uploads\/2020\/03\/cyprus-1990939-768x512.jpg 768w, https:\/\/treelia.org\/wp-content\/uploads\/2020\/03\/cyprus-1990939-1536x1024.jpg 1536w, https:\/\/treelia.org\/wp-content\/uploads\/2020\/03\/cyprus-1990939-2048x1365.jpg 2048w\" sizes=\"(max-width: 1024px) 100vw, 1024px\" \/><\/figure>\n\n\n\n<div style=\"height:45px\" aria-hidden=\"true\" class=\"wp-block-spacer\"><\/div>\n\n\n\n<p style=\"font-size:17px\">Regelm\u00e4\u00dfige englischsprachige Blog Artikel \u00fcber Klimawandel, nachhaltiges Shoppen und das Pflanzen von B\u00e4umen.<\/p>\n\n\n\n<div style=\"height:40px\" aria-hidden=\"true\" class=\"wp-block-spacer\"><\/div>","protected":false},"excerpt":{"rendered":"<p>Regelm\u00e4\u00dfige englischsprachige Blog Artikel \u00fcber Klimawandel, nachhaltiges Shoppen und das Pflanzen von B\u00e4umen.<\/p>","protected":false},"author":1,"featured_media":0,"parent":0,"menu_order":0,"comment_status":"closed","ping_status":"closed","template":"","meta":[],"acf":[],"yoast_head":"<!-- This site is optimized with the Yoast SEO plugin v20.7 - https:\/\/yoast.com\/wordpress\/plugins\/seo\/ -->\n<title>Blog - Treelia<\/title>\n<meta name=\"robots\" content=\"index, follow, max-snippet:-1, max-image-preview:large, max-video-preview:-1\" \/>\n<link rel=\"canonical\" href=\"https:\/\/treelia.org\/de\/blog\/\" \/>\n<meta property=\"og:locale\" content=\"de_DE\" \/>\n<meta property=\"og:type\" content=\"article\" \/>\n<meta property=\"og:title\" content=\"Treelia - Beim Online Shoppen B\u00e4ume pflanzen\" \/>\n<meta property=\"og:description\" content=\"1300+ Shops. 100% kostenlos.\" \/>\n<meta property=\"og:url\" content=\"https:\/\/treelia.org\/de\/blog\/\" \/>\n<meta property=\"og:site_name\" content=\"Treelia\" \/>\n<meta property=\"article:publisher\" content=\"https:\/\/www.facebook.com\/treelia.official\" \/>\n<meta property=\"article:modified_time\" content=\"2021-10-17T12:06:52+00:00\" \/>\n<meta property=\"og:image\" content=\"https:\/\/treelia.org\/wp-content\/uploads\/2021\/06\/special.jpg\" \/>\n\t<meta property=\"og:image:width\" content=\"1940\" \/>\n\t<meta property=\"og:image:height\" content=\"1709\" \/>\n\t<meta property=\"og:image:type\" content=\"image\/jpeg\" \/>\n<meta name=\"twitter:card\" content=\"summary_large_image\" \/>\n<meta name=\"twitter:label1\" content=\"Gesch\u00e4tzte Lesezeit\" \/>\n\t<meta name=\"twitter:data1\" content=\"1\u00a0Minute\" \/>\n<script type=\"application\/ld+json\" class=\"yoast-schema-graph\">{\"@context\":\"https:\/\/schema.org\",\"@graph\":[{\"@type\":\"WebPage\",\"@id\":\"https:\/\/treelia.org\/de\/blog\/\",\"url\":\"https:\/\/treelia.org\/de\/blog\/\",\"name\":\"Blog - Treelia\",\"isPartOf\":{\"@id\":\"https:\/\/treelia.org\/de\/#website\"},\"datePublished\":\"2020-03-04T21:15:03+00:00\",\"dateModified\":\"2021-10-17T12:06:52+00:00\",\"breadcrumb\":{\"@id\":\"https:\/\/treelia.org\/de\/blog\/#breadcrumb\"},\"inLanguage\":\"de\",\"potentialAction\":[{\"@type\":\"ReadAction\",\"target\":[\"https:\/\/treelia.org\/de\/blog\/\"]}]},{\"@type\":\"BreadcrumbList\",\"@id\":\"https:\/\/treelia.org\/de\/blog\/#breadcrumb\",\"itemListElement\":[{\"@type\":\"ListItem\",\"position\":1,\"name\":\"Home\",\"item\":\"https:\/\/treelia.org\/\"},{\"@type\":\"ListItem\",\"position\":2,\"name\":\"Blog\"}]},{\"@type\":\"WebSite\",\"@id\":\"https:\/\/treelia.org\/de\/#website\",\"url\":\"https:\/\/treelia.org\/de\/\",\"name\":\"Treelia\",\"description\":\"\",\"publisher\":{\"@id\":\"https:\/\/treelia.org\/de\/#organization\"},\"potentialAction\":[{\"@type\":\"SearchAction\",\"target\":{\"@type\":\"EntryPoint\",\"urlTemplate\":\"https:\/\/treelia.org\/de\/?s={search_term_string}\"},\"query-input\":\"required name=search_term_string\"}],\"inLanguage\":\"de\"},{\"@type\":\"Organization\",\"@id\":\"https:\/\/treelia.org\/de\/#organization\",\"name\":\"Treelia\",\"url\":\"https:\/\/treelia.org\/de\/\",\"logo\":{\"@type\":\"ImageObject\",\"inLanguage\":\"de\",\"@id\":\"https:\/\/treelia.org\/de\/#\/schema\/logo\/image\/\",\"url\":\"https:\/\/i2.wp.com\/treelia.org\/wp-content\/uploads\/2020\/03\/Treelia1.png?fit=960%2C560&ssl=1\",\"contentUrl\":\"https:\/\/i2.wp.com\/treelia.org\/wp-content\/uploads\/2020\/03\/Treelia1.png?fit=960%2C560&ssl=1\",\"width\":960,\"height\":560,\"caption\":\"Treelia\"},\"image\":{\"@id\":\"https:\/\/treelia.org\/de\/#\/schema\/logo\/image\/\"},\"sameAs\":[\"https:\/\/www.facebook.com\/treelia.official\",\"https:\/\/www.instagram.com\/treelia.official\/\"]}]}<\/script>\n<!-- \/ Yoast SEO plugin. -->","yoast_head_json":{"title":"Blog - Treelia","robots":{"index":"index","follow":"follow","max-snippet":"max-snippet:-1","max-image-preview":"max-image-preview:large","max-video-preview":"max-video-preview:-1"},"canonical":"https:\/\/treelia.org\/de\/blog\/","og_locale":"de_DE","og_type":"article","og_title":"Treelia - Beim Online Shoppen B\u00e4ume pflanzen","og_description":"1300+ Shops. 100% kostenlos.","og_url":"https:\/\/treelia.org\/de\/blog\/","og_site_name":"Treelia","article_publisher":"https:\/\/www.facebook.com\/treelia.official","article_modified_time":"2021-10-17T12:06:52+00:00","og_image":[{"width":1940,"height":1709,"url":"https:\/\/treelia.org\/wp-content\/uploads\/2021\/06\/special.jpg","type":"image\/jpeg"}],"twitter_card":"summary_large_image","twitter_misc":{"Gesch\u00e4tzte Lesezeit":"1\u00a0Minute"},"schema":{"@context":"https:\/\/schema.org","@graph":[{"@type":"WebPage","@id":"https:\/\/treelia.org\/de\/blog\/","url":"https:\/\/treelia.org\/de\/blog\/","name":"Blog - Treelia","isPartOf":{"@id":"https:\/\/treelia.org\/de\/#website"},"datePublished":"2020-03-04T21:15:03+00:00","dateModified":"2021-10-17T12:06:52+00:00","breadcrumb":{"@id":"https:\/\/treelia.org\/de\/blog\/#breadcrumb"},"inLanguage":"de","potentialAction":[{"@type":"ReadAction","target":["https:\/\/treelia.org\/de\/blog\/"]}]},{"@type":"BreadcrumbList","@id":"https:\/\/treelia.org\/de\/blog\/#breadcrumb","itemListElement":[{"@type":"ListItem","position":1,"name":"Home","item":"https:\/\/treelia.org\/"},{"@type":"ListItem","position":2,"name":"Blog"}]},{"@type":"WebSite","@id":"https:\/\/treelia.org\/de\/#website","url":"https:\/\/treelia.org\/de\/","name":"Treelia | B\u00e4ume pflanzen, und zwar v\u00f6llig umsonst.","description":"","publisher":{"@id":"https:\/\/treelia.org\/de\/#organization"},"potentialAction":[{"@type":"SearchAction","target":{"@type":"EntryPoint","urlTemplate":"https:\/\/treelia.org\/de\/?s={search_term_string}"},"query-input":"required name=search_term_string"}],"inLanguage":"de"},{"@type":"Organization","@id":"https:\/\/treelia.org\/de\/#organization","name":"Treelia | B\u00e4ume pflanzen, und zwar v\u00f6llig umsonst.","url":"https:\/\/treelia.org\/de\/","logo":{"@type":"ImageObject","inLanguage":"de","@id":"https:\/\/treelia.org\/de\/#\/schema\/logo\/image\/","url":"https:\/\/i2.wp.com\/treelia.org\/wp-content\/uploads\/2020\/03\/Treelia1.png?fit=960%2C560&ssl=1","contentUrl":"https:\/\/i2.wp.com\/treelia.org\/wp-content\/uploads\/2020\/03\/Treelia1.png?fit=960%2C560&ssl=1","width":960,"height":560,"caption":"Treelia"},"image":{"@id":"https:\/\/treelia.org\/de\/#\/schema\/logo\/image\/"},"sameAs":["https:\/\/www.facebook.com\/treelia.official","https:\/\/www.instagram.com\/treelia.official\/"]}]}},"_links":{"self":[{"href":"https:\/\/treelia.org\/de\/wp-json\/wp\/v2\/pages\/21"}],"collection":[{"href":"https:\/\/treelia.org\/de\/wp-json\/wp\/v2\/pages"}],"about":[{"href":"https:\/\/treelia.org\/de\/wp-json\/wp\/v2\/types\/page"}],"author":[{"embeddable":true,"href":"https:\/\/treelia.org\/de\/wp-json\/wp\/v2\/users\/1"}],"replies":[{"embeddable":true,"href":"https:\/\/treelia.org\/de\/wp-json\/wp\/v2\/comments?post=21"}],"version-history":[{"count":14,"href":"https:\/\/treelia.org\/de\/wp-json\/wp\/v2\/pages\/21\/revisions"}],"predecessor-version":[{"id":6688,"href":"https:\/\/treelia.org\/de\/wp-json\/wp\/v2\/pages\/21\/revisions\/6688"}],"wp:attachment":[{"href":"https:\/\/treelia.org\/de\/wp-json\/wp\/v2\/media?parent=21"}],"curies":[{"name":"wp","href":"https:\/\/api.w.org\/{rel}","templated":true}]}}